{"id":20,"date":"2019-04-25T13:05:14","date_gmt":"2019-04-25T13:05:14","guid":{"rendered":"http:\/\/localhost\/yootheme_pro\/2019\/Makai\/Website_WP\/index.php\/contact\/"},"modified":"2025-04-10T20:33:30","modified_gmt":"2025-04-10T18:33:30","slug":"contact","status":"publish","type":"page","link":"https:\/\/www.metta-yoga-larissa.ch\/?page_id=20","title":{"rendered":"Contact"},"content":{"rendered":"<p><img src=\"\/wp-content\/uploads\/metta-symbole-inverted.svg\" alt=\"\"><\/p>\n<div>\n<h3>Contactez-moi pour vos r\u00e9servations<\/h3>\n<\/div>\n<ul>\n<li>\n<h3>Adresse Email<\/h3>\n<div>\n<p><a class=\"uk-link-toggle\" href=\"mailto:contact@metta-yoga-larissa.ch\">contact@metta-yoga-larissa.ch<\/a><\/p>\n<\/div>\n<\/li>\n<li>\n<h3>T\u00e9l\u00e9phone<\/h3>\n<div>\n<p>+41 (0) 79 123 58 15<\/p>\n<\/div>\n<\/li>\n<\/ul>\n<h2>Questions fr\u00e9quentes<\/h2>\n<div>\n<p style=\"text-align: justify;\">Vous trouverez ci-dessous les r\u00e9ponses aux questions les plus fr\u00e9quemment pos\u00e9es. Si vous avez plus de questions, n\u2019h\u00e9sitez pas \u00e0 me contacter.\u00a0<a<\/div>\n<ul>\n<li>\n<h3>Dois-je amener mon propre mat\u00e9riel de Yoga ?<\/h3>\n<div>\n<p style=\"text-align: justify;\">Je fournis l\u2019int\u00e9gralit\u00e9 du mat\u00e9riel. Les tapis mis \u00e0 disposition sont d\u00e9sinfect\u00e9s et nettoy\u00e9s syst\u00e9matiquement apr\u00e8s chaque cours. Si vous vous sentez plus \u00e0 l\u2019aise avec vos propres tapis, vous pouvez bien s\u00fbr les utiliser.<\/p>\n<\/div>\n<\/li>\n<li>\n<h3>Comment faire si je dois annuler\/reporter mon cours ?<\/h3>\n<div>\n<p style=\"text-align: justify;\">Si vous devez annuler ou reporter un cours, merci de me pr\u00e9venir par message ou par email au minimum 24h en avance. Pass\u00e9 ce d\u00e9lai les cours vous seront factur\u00e9s.\u00a0<\/p>\n<\/div>\n<\/li>\n<li>\n<h3>Les cours se font-ils en musique ?<\/h3>\n<div>\n<p style=\"text-align: justify;\">Les cours s\u2019adaptent aux besoins et aux envies de mes clients. Ils peuvent \u00eatre accompagn\u00e9s ou non de musique.<\/p>\n<\/div>\n<\/li>\n<li>\n<h3>Comment dois-je m\u2019habiller ?<\/h3>\n<div>\n<p style=\"text-align: justify;\">La seule chose qui importe c\u2019est que vous soyez \u00e0 l\u2019aise pour faire les exercices. Certaines personnes mettent des habits \u00ab baggy \u00bb c\u2019est-\u00e0-dire des habits larges dans lesquels ils sont \u00e0 l\u2019aise pour bouger. D\u2019autres pr\u00e9f\u00e8rent se mettre en tenue de sport (leggings, short, t-shirt, etc.). Pensez simplement \u00e0 ne pas mettre une tenue qui vous tient trop chaud pendant le cours et aussi \u00e0 amener un petit pull et des chaussettes pour le savasana (fin du cours).<\/p>\n<\/div>\n<\/li>\n<li>\n<h3>Je ne suis pas tr\u00e8s souple, puis-je faire du yoga ?<\/h3>\n<div>\n<p>Absolument ! Vous \u00eates m\u00eame un candidat parfait pour du yoga. Venez comme vous \u00eates et vous verrez qu\u2019au fur et \u00e0 mesure des s\u00e9ances, votre corps s\u2019ouvrira de plus en plus aux mouvements enseign\u00e9s.<\/p>\n<p style=\"text-align: justify;\">\u00a0<\/p>\n<\/div>\n<\/li>\n<\/ul>\n<hr>\n<p><img src=\"\/wp-content\/uploads\/metta-yoga-by-larissa-symbol-nature.png\" alt=\"\"><\/p>\n<div>\n<p>\u00a9 2023 METTA &#8211; YOGA BY LARISSA<br \/>TOUS DROITS R\u00c9SERV\u00c9S<\/div>\n<ul>\n<li><a href=\"http:\/\/www.facebook.com\">facebook<\/a><\/li>\n<li><a href=\"http:\/\/www.instagram.com\">instagram<\/a><\/li>\n<li><a href=\"http:\/\/www.tripadvisor.com\">tripadvisor<\/a><\/li>\n<\/ul>\n<p><!-- {\"name\":\"Contact\",\"type\":\"layout\",\"children\":[{\"type\":\"section\",\"props\":{\"style\":\"primary\",\"width\":\"default\",\"vertical_align\":\"middle\",\"title_position\":\"top-left\",\"title_rotation\":\"left\",\"title_breakpoint\":\"xl\",\"image_position\":\"center-center\",\"video\":\"wp-content\\\/uploads\\\/metta-alps.mp4\",\"height\":\"full\",\"preserve_color\":false,\"header_transparent\":\"light\",\"header_transparent_noplaceholder\":true},\"children\":[{\"type\":\"row\",\"children\":[{\"type\":\"column\",\"props\":{\"image_position\":\"center-center\",\"media_overlay_gradient\":\"\"},\"children\":[{\"type\":\"image\",\"props\":{\"margin\":\"default\",\"image_svg_color\":\"emphasis\",\"text_align\":\"center\",\"image\":\"wp-content\\\/uploads\\\/metta-symbole-inverted.svg\",\"image_svg_inline\":true,\"image_width\":\"150\"}},{\"type\":\"grid\",\"props\":{\"show_title\":true,\"show_meta\":true,\"show_content\":true,\"show_image\":true,\"show_link\":true,\"grid_default\":\"1\",\"grid_medium\":\"1\",\"filter_style\":\"tab\",\"filter_all\":true,\"filter_position\":\"top\",\"filter_align\":\"left\",\"filter_grid_width\":\"auto\",\"filter_grid_breakpoint\":\"m\",\"title_hover_style\":\"reset\",\"title_element\":\"h3\",\"title_align\":\"top\",\"title_grid_width\":\"1-2\",\"title_grid_breakpoint\":\"m\",\"meta_style\":\"meta\",\"meta_align\":\"below-title\",\"content_column_breakpoint\":\"m\",\"icon_width\":80,\"image_align\":\"top\",\"image_grid_width\":\"1-2\",\"image_grid_breakpoint\":\"m\",\"image_svg_color\":\"emphasis\",\"link_text\":\"Read more\",\"link_style\":\"default\",\"margin\":\"xlarge\",\"item_animation\":\"\",\"grid_small\":\"1\",\"grid_column_align\":true,\"grid_large\":\"1\",\"grid_xlarge\":\"1\",\"text_align\":\"center\",\"title_style\":\"heading-medium\"},\"children\":[{\"type\":\"grid_item\",\"props\":{\"title\":\"Contactez-moi pour vos r\\u00e9servations\",\"meta\":\"\",\"content\":\"\"}}]},{\"type\":\"grid\",\"props\":{\"show_title\":true,\"show_meta\":true,\"show_content\":true,\"show_image\":true,\"show_link\":true,\"grid_default\":\"1\",\"grid_medium\":\"1\",\"filter_style\":\"tab\",\"filter_all\":true,\"filter_position\":\"top\",\"filter_align\":\"left\",\"filter_grid_width\":\"auto\",\"filter_grid_breakpoint\":\"m\",\"title_hover_style\":\"reset\",\"title_element\":\"h3\",\"title_align\":\"top\",\"title_grid_width\":\"1-2\",\"title_grid_breakpoint\":\"m\",\"meta_style\":\"meta\",\"meta_align\":\"below-title\",\"content_column_breakpoint\":\"m\",\"icon_width\":80,\"image_align\":\"top\",\"image_grid_width\":\"1-2\",\"image_grid_breakpoint\":\"m\",\"image_svg_color\":\"emphasis\",\"link_text\":\"Read more\",\"link_style\":\"default\",\"margin\":\"xlarge\",\"item_animation\":\"\",\"grid_small\":\"1\",\"grid_column_align\":true,\"grid_large\":\"1\",\"grid_xlarge\":\"1\",\"text_align\":\"center\"},\"children\":[{\"type\":\"grid_item\",\"props\":{\"title\":\"Adresse Email\",\"meta\":\"\",\"content\":\"\n\n<p><a class=\\\"uk-link-toggle\\\" href=\\\"mailto:contact@metta-yoga-larissa.ch\\\">contact@metta-yoga-larissa.ch<\\\/a><\\\/p>\"}},{\"type\":\"grid_item\",\"props\":{\"title\":\"T\\u00e9l\\u00e9phone\",\"meta\":\"\",\"content\":\"\n\n<p>+41 (0) 79 123 58 15<\\\/p>\"}}]}]}]}]},{\"type\":\"section\",\"props\":{\"style\":\"default\",\"width\":\"xsmall\",\"vertical_align\":\"middle\",\"title_position\":\"top-left\",\"title_rotation\":\"left\",\"title_breakpoint\":\"xl\",\"image_position\":\"center-center\",\"animation\":\"fade\",\"animation_delay\":true,\"padding\":\"large\"},\"children\":[{\"type\":\"row\",\"children\":[{\"type\":\"column\",\"props\":{\"image_position\":\"center-center\",\"media_overlay_gradient\":\"\",\"width_medium\":\"1-1\"},\"children\":[{\"type\":\"headline\",\"props\":{\"title_element\":\"h2\",\"maxwidth\":\"2xlarge\",\"content\":\"Questions fr\\u00e9quentes\",\"margin_remove_top\":true,\"title_style\":\"heading-medium\"}},{\"type\":\"text\",\"props\":{\"margin\":\"large\",\"column_breakpoint\":\"m\",\"maxwidth\":\"xlarge\",\"margin_remove_top\":true,\"content\":\"\n\n<p style=\\\"text-align: justify;\\\">Vous trouverez ci-dessous les r\\u00e9ponses aux questions les plus fr\\u00e9quemment pos\\u00e9es. Si vous avez plus de questions, n\\u2019h\\u00e9sitez pas \\u00e0 me contacter.\\u00a0<a\"}},{\"type\":\"accordion\",\"props\":{\"show_image\":true,\"show_link\":true,\"collapsible\":true,\"image_svg_color\":\"emphasis\",\"image_align\":\"top\",\"image_grid_width\":\"1-2\",\"link_text\":\"Read more\",\"link_style\":\"default\",\"image_grid_breakpoint\":\"m\",\"content_column_breakpoint\":\"m\"},\"children\":[{\"type\":\"accordion_item\",\"props\":{\"title\":\"Dois-je amener mon propre mat\\u00e9riel de Yoga ?\",\"content\":\"\n\n<p style=\\\"text-align: justify;\\\">Je fournis l\\u2019int\\u00e9gralit\\u00e9 du mat\\u00e9riel. Les tapis mis \\u00e0 disposition sont d\\u00e9sinfect\\u00e9s et nettoy\\u00e9s syst\\u00e9matiquement apr\\u00e8s chaque cours. Si vous vous sentez plus \\u00e0 l\\u2019aise avec vos propres tapis, vous pouvez bien s\\u00fbr les utiliser.<\\\/p>\"}},{\"type\":\"accordion_item\",\"props\":{\"title\":\"Comment faire si je dois annuler\\\/reporter mon cours ?\",\"content\":\"\n\n<p style=\\\"text-align: justify;\\\">Si vous devez annuler ou reporter un cours, merci de me pr\\u00e9venir par message ou par email au minimum 24h en avance. Pass\\u00e9 ce d\\u00e9lai les cours vous seront factur\\u00e9s.\\u00a0<\\\/p>\"}},{\"type\":\"accordion_item\",\"props\":{\"title\":\"Les cours se font-ils en musique ?\",\"content\":\"\n\n<p style=\\\"text-align: justify;\\\">Les cours s\\u2019adaptent aux besoins et aux envies de mes clients. Ils peuvent \\u00eatre accompagn\\u00e9s ou non de musique.<\\\/p>\"}},{\"type\":\"accordion_item\",\"props\":{\"title\":\"Comment dois-je m\\u2019habiller ?\",\"content\":\"\n\n<p style=\\\"text-align: justify;\\\">La seule chose qui importe c\\u2019est que vous soyez \\u00e0 l\\u2019aise pour faire les exercices. Certaines personnes mettent des habits \\u00ab baggy \\u00bb c\\u2019est-\\u00e0-dire des habits larges dans lesquels ils sont \\u00e0 l\\u2019aise pour bouger. D\\u2019autres pr\\u00e9f\\u00e8rent se mettre en tenue de sport (leggings, short, t-shirt, etc.). Pensez simplement \\u00e0 ne pas mettre une tenue qui vous tient trop chaud pendant le cours et aussi \\u00e0 amener un petit pull et des chaussettes pour le savasana (fin du cours).<\\\/p>\"}},{\"type\":\"accordion_item\",\"props\":{\"title\":\"Je ne suis pas tr\\u00e8s souple, puis-je faire du yoga ?\",\"content\":\"\n\n<p>Absolument ! Vous \\u00eates m\\u00eame un candidat parfait pour du yoga. Venez comme vous \\u00eates et vous verrez qu\\u2019au fur et \\u00e0 mesure des s\\u00e9ances, votre corps s\\u2019ouvrira de plus en plus aux mouvements enseign\\u00e9s.<\\\/p>\\n\n\n<p style=\\\"text-align: justify;\\\">\\u00a0<\\\/p>\"}}]}]}]}],\"name\":\"FAQ\"},{\"type\":\"section\",\"props\":{\"style\":\"default\",\"width\":\"large\",\"vertical_align\":\"middle\",\"title_position\":\"top-left\",\"title_rotation\":\"left\",\"title_breakpoint\":\"xl\",\"image_position\":\"center-center\",\"padding\":\"xlarge\",\"padding_remove_bottom\":true},\"children\":[{\"type\":\"row\",\"props\":{\"margin\":\"medium\"},\"children\":[{\"type\":\"column\",\"props\":{\"image_position\":\"center-center\",\"media_overlay_gradient\":\"\",\"width_medium\":\"1-1\"},\"children\":[{\"type\":\"divider\",\"props\":{\"divider_element\":\"hr\",\"divider_style\":\"\",\"divider_align\":\"\",\"divider_align_breakpoint\":\"\",\"divider_align_fallback\":\"\"}},{\"type\":\"image\",\"props\":{\"margin\":\"medium\",\"image_svg_color\":\"emphasis\",\"text_align\":\"center\",\"image\":\"wp-content\\\/uploads\\\/metta-yoga-by-larissa-symbol-nature.png\",\"image_svg_inline\":true,\"image_width\":\"35\",\"margin_remove_bottom\":true}},{\"type\":\"text\",\"props\":{\"margin\":\"default\",\"column_breakpoint\":\"m\",\"text_size\":\"small\",\"text_align\":\"center\",\"content\":\"\n\n<p>\\u00a9 2023 METTA - YOGA BY LARISSA<br\\\/>TOUS DROITS R\\u00c9SERV\\u00c9S\"}},{\"type\":\"social\",\"props\":{\"link_style\":\"\",\"margin\":\"default\",\"text_align\":\"center\",\"link_target\":true,\"gap\":\"small\",\"link_1\":\"http:\\\/\\\/www.facebook.com\",\"link_2\":\"http:\\\/\\\/www.instagram.com\",\"link_3\":\"http:\\\/\\\/www.tripadvisor.com\"}},{\"type\":\"totop\",\"props\":{\"margin\":\"default\",\"text_align\":\"center\",\"link_title\":\"To Top\"}}]}]}],\"name\":\"Copyright\"}],\"version\":\"2.1.2\"} --><\/p>\n","protected":false},"excerpt":{"rendered":"<p>Contactez-moi pour vos r\u00e9servations Adresse Email contact@metta-yoga-larissa.ch T\u00e9l\u00e9phone +41 (0) 79 123 58 15 Questions fr\u00e9quentes Vous trouverez ci-dessous les r\u00e9ponses aux questions les plus fr\u00e9quemment pos\u00e9es. Si vous avez plus de questions, n\u2019h\u00e9sitez pas \u00e0 me contacter.\u00a0<\/p>\n","protected":false},"author":1,"featured_media":0,"parent":0,"menu_order":3,"comment_status":"closed","ping_status":"closed","template":"","meta":{"spay_email":""},"_links":{"self":[{"href":"https:\/\/www.metta-yoga-larissa.ch\/index.php?rest_route=\/wp\/v2\/pages\/20"}],"collection":[{"href":"https:\/\/www.metta-yoga-larissa.ch\/index.php?rest_route=\/wp\/v2\/pages"}],"about":[{"href":"https:\/\/www.metta-yoga-larissa.ch\/index.php?rest_route=\/wp\/v2\/types\/page"}],"author":[{"embeddable":true,"href":"https:\/\/www.metta-yoga-larissa.ch\/index.php?rest_route=\/wp\/v2\/users\/1"}],"replies":[{"embeddable":true,"href":"https:\/\/www.metta-yoga-larissa.ch\/index.php?rest_route=%2Fwp%2Fv2%2Fcomments&post=20"}],"version-history":[{"count":45,"href":"https:\/\/www.metta-yoga-larissa.ch\/index.php?rest_route=\/wp\/v2\/pages\/20\/revisions"}],"predecessor-version":[{"id":3987,"href":"https:\/\/www.metta-yoga-larissa.ch\/index.php?rest_route=\/wp\/v2\/pages\/20\/revisions\/3987"}],"wp:attachment":[{"href":"https:\/\/www.metta-yoga-larissa.ch\/index.php?rest_route=%2Fwp%2Fv2%2Fmedia&parent=20"}],"curies":[{"name":"wp","href":"https:\/\/api.w.org\/{rel}","templated":true}]}}