{"id":2059,"date":"2021-02-10T08:43:47","date_gmt":"2021-02-10T07:43:47","guid":{"rendered":"https:\/\/www.metta-yoga-larissa.ch\/?page_id=2059"},"modified":"2021-09-10T11:43:03","modified_gmt":"2021-09-10T09:43:03","slug":"cours-en-ligne","status":"publish","type":"page","link":"https:\/\/www.metta-yoga-larissa.ch\/?page_id=2059","title":{"rendered":"Cours en ligne"},"content":{"rendered":"<h1>Cours en ligne<\/h1>\n<h1>Zoom ID : 845 488 5887<\/h1>\n<div>Aux vues de l\u2019all\u00e8gement des mesures covid j\u2019ai le plaisir de pouvoir vous accueillir au studio ou de me d\u00e9placer \u00e0 domicile. Ainsi, les cours en ligne sont temporairement suspendus.<\/div>\n<p>\n    <a href=\"\/index.php?page_id=20\">R\u00e9server<\/a>\n<\/p>\n<p><img src=\"\/wp-content\/uploads\/metta-ybl-cours-en-ligne.jpg\" alt=\"\"><\/p>\n<p><!-- {\"type\":\"layout\",\"children\":[{\"name\":\"Support\",\"type\":\"section\",\"props\":{\"style\":\"default\",\"width\":\"xsmall\",\"vertical_align\":\"\",\"title_position\":\"top-left\",\"title_rotation\":\"left\",\"title_breakpoint\":\"xl\",\"image_position\":\"top-right\",\"image\":\"\",\"image_width\":\"1100\",\"image_parallax_bgy_end\":\"500\",\"image_visibility\":\"xl\",\"animation\":\"slide-bottom-medium\",\"animation_delay\":true,\"padding_remove_bottom\":false,\"padding_remove_top\":false,\"image_size\":\"cover\"},\"children\":[{\"name\":\"\",\"type\":\"row\",\"props\":{\"vertical_align\":false,\"margin\":\"xlarge\",\"match\":false},\"children\":[{\"name\":\"\",\"type\":\"column\",\"props\":{\"image_position\":\"center-center\",\"image\":\"\",\"media_overlay_gradient\":\"\",\"width_medium\":\"1-1\"},\"children\":[{\"name\":\"\",\"type\":\"headline\",\"props\":{\"title_element\":\"h1\",\"content\":\"Cours en ligne\",\"text_align\":\"center\",\"text_align_breakpoint\":\"m\",\"text_align_fallback\":\"center\",\"title_style\":\"heading-xlarge\"}}]}]}]},{\"name\":\"Support\",\"type\":\"section\",\"props\":{\"style\":\"default\",\"width\":\"default\",\"vertical_align\":\"\",\"title_position\":\"top-left\",\"title_rotation\":\"left\",\"title_breakpoint\":\"xl\",\"image_position\":\"top-right\",\"image\":\"\",\"image_width\":\"1100\",\"image_parallax_bgy_end\":\"500\",\"image_visibility\":\"xl\",\"animation\":\"slide-left-small\",\"animation_delay\":true,\"padding_remove_bottom\":false,\"padding_remove_top\":false,\"image_size\":\"cover\",\"height\":\"full\"},\"children\":[{\"name\":\"\",\"type\":\"row\",\"props\":{\"vertical_align\":false,\"margin\":\"xlarge\",\"match\":false,\"layout\":\"1-2,1-2\"},\"children\":[{\"name\":\"\",\"type\":\"column\",\"props\":{\"image_position\":\"center-center\",\"image\":\"\",\"media_overlay_gradient\":\"\",\"width_medium\":\"1-2\"},\"children\":[{\"type\":\"headline\",\"props\":{\"title_element\":\"h1\",\"title_style\":\"h4\",\"margin\":\"large\",\"block_align\":\"center\",\"text_align\":\"left\",\"text_align_breakpoint\":\"m\",\"text_align_fallback\":\"center\",\"animation\":\"slide-left-small\",\"content\":\"Zoom ID : 845 488 5887\",\"parallax_breakpoint\":\"s\",\"parallax_y_end\":\"-5vh\"},\"name\":\"1\"},{\"type\":\"text\",\"props\":{\"margin\":\"default\",\"column_breakpoint\":\"m\",\"content\":\"Aux vues de l\\u2019all\\u00e8gement des mesures covid j\\u2019ai le plaisir de pouvoir vous accueillir au studio ou de me d\\u00e9placer \\u00e0 domicile. Ainsi, les cours en ligne sont temporairement suspendus.\",\"text_style\":\"meta\",\"text_align\":\"left\",\"text_align_breakpoint\":\"s\",\"text_align_fallback\":\"center\",\"maxwidth\":\"large\"},\"name\":\"explicatif caps petit corps\"},{\"type\":\"button\",\"props\":{\"grid_column_gap\":\"small\",\"grid_row_gap\":\"small\",\"margin\":\"large\",\"block_align\":\"center\",\"block_align_breakpoint\":\"s\",\"text_align\":\"left\",\"text_align_fallback\":\"center\"},\"children\":[{\"type\":\"button_item\",\"props\":{\"button_style\":\"default\",\"icon_align\":\"left\",\"content\":\"R\\u00e9server\",\"link\":\"index.php?page_id=20\"}}],\"name\":\"button tmp\"}]},{\"type\":\"column\",\"props\":{\"image_position\":\"center-center\",\"media_overlay_gradient\":\"\",\"width_medium\":\"1-2\"},\"children\":[{\"type\":\"image\",\"props\":{\"margin\":\"default\",\"image_svg_color\":\"emphasis\",\"image\":\"wp-content\\\/uploads\\\/metta-ybl-cours-en-ligne.jpg\"}}]}]}]}],\"version\":\"2.1.2\"} --><\/p>\n","protected":false},"excerpt":{"rendered":"<p>Cours en ligne Zoom ID : 845 488 5887 Aux vues de l\u2019all\u00e8gement des mesures covid j\u2019ai le plaisir de pouvoir vous accueillir au studio ou de me d\u00e9placer \u00e0 domicile. Ainsi, les cours en ligne sont temporairement suspendus. R\u00e9server<\/p>\n","protected":false},"author":1,"featured_media":0,"parent":0,"menu_order":4,"comment_status":"closed","ping_status":"closed","template":"","meta":{"spay_email":""},"_links":{"self":[{"href":"https:\/\/www.metta-yoga-larissa.ch\/index.php?rest_route=\/wp\/v2\/pages\/2059"}],"collection":[{"href":"https:\/\/www.metta-yoga-larissa.ch\/index.php?rest_route=\/wp\/v2\/pages"}],"about":[{"href":"https:\/\/www.metta-yoga-larissa.ch\/index.php?rest_route=\/wp\/v2\/types\/page"}],"author":[{"embeddable":true,"href":"https:\/\/www.metta-yoga-larissa.ch\/index.php?rest_route=\/wp\/v2\/users\/1"}],"replies":[{"embeddable":true,"href":"https:\/\/www.metta-yoga-larissa.ch\/index.php?rest_route=%2Fwp%2Fv2%2Fcomments&post=2059"}],"version-history":[{"count":9,"href":"https:\/\/www.metta-yoga-larissa.ch\/index.php?rest_route=\/wp\/v2\/pages\/2059\/revisions"}],"predecessor-version":[{"id":2874,"href":"https:\/\/www.metta-yoga-larissa.ch\/index.php?rest_route=\/wp\/v2\/pages\/2059\/revisions\/2874"}],"wp:attachment":[{"href":"https:\/\/www.metta-yoga-larissa.ch\/index.php?rest_route=%2Fwp%2Fv2%2Fmedia&parent=2059"}],"curies":[{"name":"wp","href":"https:\/\/api.w.org\/{rel}","templated":true}]}}