{"id":2203,"date":"2021-03-12T12:45:24","date_gmt":"2021-03-12T11:45:24","guid":{"rendered":"https:\/\/www.metta-yoga-larissa.ch\/?page_id=2203"},"modified":"2024-12-02T15:25:44","modified_gmt":"2024-12-02T14:25:44","slug":"cours-prive-studio","status":"publish","type":"page","link":"https:\/\/www.metta-yoga-larissa.ch\/?page_id=2203","title":{"rendered":"Cours priv\u00e9 &#8211; studio"},"content":{"rendered":"<h1>Au Studio<\/h1>\n<h3>Horaires Cours collectifs<\/h3>\n<hr>\n<h3>7 chemin de Grange-Falquet, 1224 Ch\u00eane-Bougeries<\/h3>\n<h1>Mardi<\/h1>\n<ul>\n<li>\n<div>\n<p>12:15 \u00e0 13:15<br \/><strong>Vinyasa Flow<\/strong><\/p>\n<\/div>\n<\/li>\n<li>\n<div>\n<p>18:30 \u00e0 19:30<br \/><strong>Vinyasa Flow<\/strong><\/p>\n<\/div>\n<\/li>\n<\/ul>\n<h1>Mercredi<\/h1>\n<ul>\n<li>\n<div>\n<p>18:30 \u00e0 19:30<br \/><strong>Vinyasa Flow<\/strong><\/p>\n<\/div>\n<\/li>\n<li>\n<div>\n<p>19:45 \u00e0 20:45<br \/><strong>Restorative Yoga or Vinyasa Flow<\/strong><\/p>\n<p>\u00a0<\/p>\n<\/div>\n<\/li>\n<\/ul>\n<h1>Jeudi<\/h1>\n<ul>\n<li>\n<div>\n<p>10:30 \u00e0 11:30<br \/><strong>Good Morning Flow<\/strong><\/p>\n<\/div>\n<\/li>\n<li>\n<div>\n<p>12:15 \u00e0 13:15<br \/><strong>Vinyasa Flow<\/strong><\/p>\n<\/div>\n<\/li>\n<\/ul>\n<hr>\n<div>Maximum 5 personnes par cours<br \/>Soyez s\u00fbr de r\u00e9server votre place \u00e0 l&rsquo;avance<\/div>\n<hr>\n<div>Je propose \u00e9galement des cours priv\u00e9s et semi-priv\u00e9s au Studio. Merci de me contacter pour votre booking.<\/div>\n<p>\n    <a href=\"\/index.php?page_id=20\">R\u00e9server mon cours<\/a>\n<\/p>\n<p><!-- {\"name\":\"_Cours Priv\\u00e9_bkp_avant_modifications_030922\",\"type\":\"layout\",\"children\":[{\"name\":\"Support\",\"type\":\"section\",\"props\":{\"style\":\"default\",\"width\":\"large\",\"vertical_align\":\"middle\",\"title_position\":\"top-left\",\"title_rotation\":\"left\",\"title_breakpoint\":\"xl\",\"image_position\":\"top-right\",\"image\":\"\",\"image_width\":\"1100\",\"image_effect\":\"parallax\",\"image_parallax_bgy_end\":\"500\",\"image_visibility\":\"xl\",\"animation\":\"slide-bottom-medium\",\"animation_delay\":true,\"padding_remove_bottom\":false,\"padding_remove_top\":false},\"children\":[{\"name\":\"\",\"type\":\"row\",\"props\":{\"vertical_align\":false,\"margin\":\"xlarge\",\"match\":false},\"children\":[{\"name\":\"\",\"type\":\"column\",\"props\":{\"image_position\":\"center-center\",\"image\":\"\",\"media_overlay_gradient\":\"\",\"width_medium\":\"1-1\"},\"children\":[{\"name\":\"\",\"type\":\"headline\",\"props\":{\"title_element\":\"h1\",\"content\":\"Au Studio\",\"text_align\":\"center\",\"text_align_breakpoint\":\"m\",\"text_align_fallback\":\"center\",\"title_style\":\"heading-xlarge\",\"margin_remove_bottom\":true}},{\"type\":\"headline\",\"props\":{\"title_element\":\"h3\",\"title_style\":\"h3\",\"text_align\":\"center\",\"text_align_breakpoint\":\"s\",\"text_align_fallback\":\"center\",\"content\":\"Horaires Cours collectifs\",\"margin_remove_top\":false,\"margin\":\"small\"}},{\"type\":\"divider\",\"props\":{\"divider_element\":\"hr\",\"divider_style\":\"\"}},{\"type\":\"headline\",\"props\":{\"title_element\":\"h3\",\"title_style\":\"h6\",\"text_align\":\"center\",\"text_align_breakpoint\":\"s\",\"text_align_fallback\":\"center\",\"content\":\"7 chemin de Grange-Falquet, 1224 Ch\\u00eane-Bougeries\",\"margin_remove_top\":false,\"margin\":\"small\"}}]}]}]},{\"type\":\"section\",\"props\":{\"style\":\"default\",\"width\":\"large\",\"vertical_align\":\"middle\",\"title_position\":\"top-left\",\"title_rotation\":\"left\",\"title_breakpoint\":\"xl\",\"image_position\":\"center-center\",\"padding\":\"xsmall\",\"animation\":\"fade\",\"animation_delay\":true},\"children\":[{\"type\":\"row\",\"props\":{\"layout\":\"1-4,1-4,1-4,1-4|1-2,1-2,1-2,1-2\",\"column_gap\":\"large\",\"row_gap\":\"large\",\"divider\":true},\"children\":[{\"type\":\"column\",\"props\":{\"image_position\":\"center-center\",\"media_overlay_gradient\":\"\",\"width_medium\":\"1-4\",\"width_small\":\"1-2\"},\"children\":[{\"type\":\"headline\",\"props\":{\"title_element\":\"h1\",\"title_style\":\"h4\",\"content\":\"Mardi\",\"text_align\":\"center\"}},{\"type\":\"list\",\"props\":{\"show_image\":true,\"show_link\":true,\"list_element\":\"ul\",\"column_breakpoint\":\"m\",\"image_svg_color\":\"emphasis\",\"image_align\":\"left\",\"image_vertical_align\":true,\"text_align\":\"center\",\"list_size\":\"large\",\"margin\":\"medium\"},\"children\":[{\"type\":\"list_item\",\"props\":{\"content\":\"\n\n<p>12:15 \\u00e0 13:15<br \\\/><strong>Vinyasa Flow<\\\/strong><\\\/p>\",\"link\":\"\"}},{\"type\":\"list_item\",\"props\":{\"content\":\"\n\n<p>18:30 \\u00e0 19:30<br \\\/><strong>Vinyasa Flow<\\\/strong><\\\/p>\",\"link\":\"\"}}]}]},{\"type\":\"column\",\"props\":{\"image_position\":\"center-center\",\"media_overlay_gradient\":\"\",\"width_medium\":\"1-4\",\"width_small\":\"1-2\"},\"children\":[{\"type\":\"headline\",\"props\":{\"title_element\":\"h1\",\"title_style\":\"h4\",\"content\":\"Mercredi\",\"text_align\":\"center\"}},{\"type\":\"list\",\"props\":{\"show_image\":true,\"show_link\":true,\"list_element\":\"ul\",\"column_breakpoint\":\"m\",\"image_svg_color\":\"emphasis\",\"image_align\":\"left\",\"image_vertical_align\":true,\"text_align\":\"center\",\"list_size\":\"large\",\"margin\":\"medium\"},\"children\":[{\"type\":\"list_item\",\"props\":{\"content\":\"\n\n<p>18:30 \\u00e0 19:30<br \\\/><strong>Vinyasa Flow<\\\/strong><\\\/p>\",\"link\":\"\"}},{\"type\":\"list_item\",\"props\":{\"content\":\"\n\n<p>19:45 \\u00e0 20:45<br \\\/><strong>Restorative Yoga or Vinyasa Flow<\\\/strong><\\\/p>\\n\n\n<p>\\u00a0<\\\/p>\",\"link\":\"\"}}]}]},{\"type\":\"column\",\"props\":{\"image_position\":\"center-center\",\"media_overlay_gradient\":\"\",\"width_medium\":\"1-4\",\"width_small\":\"1-2\"},\"children\":[{\"type\":\"headline\",\"props\":{\"title_element\":\"h1\",\"title_style\":\"h4\",\"content\":\"Jeudi\",\"text_align\":\"center\"}},{\"type\":\"list\",\"props\":{\"show_image\":true,\"show_link\":true,\"list_element\":\"ul\",\"column_breakpoint\":\"m\",\"image_svg_color\":\"emphasis\",\"image_align\":\"left\",\"image_vertical_align\":true,\"text_align\":\"center\",\"list_size\":\"large\",\"margin\":\"medium\"},\"children\":[{\"type\":\"list_item\",\"props\":{\"content\":\"\n\n<p>10:30 \\u00e0 11:30<br \\\/><strong>Good Morning Flow<\\\/strong><\\\/p>\",\"link\":\"\"}},{\"type\":\"list_item\",\"props\":{\"content\":\"\n\n<p>12:15 \\u00e0 13:15<br \\\/><strong>Vinyasa Flow<\\\/strong><\\\/p>\",\"link\":\"\"}}]}]},{\"type\":\"column\",\"props\":{\"image_position\":\"center-center\",\"media_overlay_gradient\":\"\",\"width_medium\":\"1-4\",\"width_small\":\"1-2\"},\"children\":[]}]},{\"type\":\"row\",\"props\":{\"margin_remove_bottom\":true},\"children\":[{\"type\":\"column\",\"props\":{\"image_position\":\"center-center\",\"media_overlay_gradient\":\"\"},\"children\":[{\"type\":\"divider\",\"props\":{\"divider_element\":\"hr\",\"divider_style\":\"\"}},{\"type\":\"text\",\"props\":{\"margin\":\"default\",\"column_breakpoint\":\"m\",\"content\":\"Maximum 5 personnes par cours<br\\\/>Soyez s\\u00fbr de r\\u00e9server votre place \\u00e0 l'avance\",\"text_align\":\"center\",\"text_align_breakpoint\":\"s\"}},{\"type\":\"divider\",\"props\":{\"divider_element\":\"hr\",\"divider_style\":\"\"}},{\"type\":\"text\",\"props\":{\"margin\":\"default\",\"column_breakpoint\":\"m\",\"content\":\"Je propose \\u00e9galement des cours priv\\u00e9s et semi-priv\\u00e9s au Studio. Merci de me contacter pour votre booking.\",\"text_align\":\"center\",\"text_align_breakpoint\":\"s\"}}]}]}]},{\"type\":\"section\",\"props\":{\"style\":\"default\",\"width\":\"large\",\"vertical_align\":\"middle\",\"title_position\":\"top-left\",\"title_rotation\":\"left\",\"title_breakpoint\":\"xl\",\"image_position\":\"center-center\",\"animation\":\"fade\",\"animation_delay\":true},\"children\":[{\"type\":\"row\",\"children\":[{\"type\":\"column\",\"props\":{\"image_position\":\"center-center\",\"media_overlay_gradient\":\"\"},\"children\":[{\"type\":\"button\",\"props\":{\"grid_column_gap\":\"small\",\"grid_row_gap\":\"small\",\"margin\":\"xlarge\",\"text_align\":\"center\"},\"children\":[{\"type\":\"button_item\",\"props\":{\"button_style\":\"default\",\"icon_align\":\"left\",\"content\":\"R\\u00e9server mon cours\",\"link\":\"index.php?page_id=20\"}}]}]}]}]}],\"version\":\"2.1.2\"} --><\/p>\n","protected":false},"excerpt":{"rendered":"<p>Au Studio Horaires Cours collectifs 7 chemin de Grange-Falquet, 1224 Ch\u00eane-Bougeries Mardi 12:15 \u00e0 13:15Vinyasa Flow 18:30 \u00e0 19:30Vinyasa Flow Mercredi 18:30 \u00e0 19:30Vinyasa Flow 19:45 \u00e0 20:45Restorative Yoga or Vinyasa Flow \u00a0 Jeudi 10:30 \u00e0 11:30Good Morning Flow 12:15 \u00e0 13:15Vinyasa Flow Maximum 5 personnes par coursSoyez s\u00fbr de r\u00e9server votre place \u00e0 l&rsquo;avance [&hellip;]<\/p>\n","protected":false},"author":1,"featured_media":0,"parent":0,"menu_order":0,"comment_status":"closed","ping_status":"closed","template":"","meta":{"spay_email":""},"_links":{"self":[{"href":"https:\/\/www.metta-yoga-larissa.ch\/index.php?rest_route=\/wp\/v2\/pages\/2203"}],"collection":[{"href":"https:\/\/www.metta-yoga-larissa.ch\/index.php?rest_route=\/wp\/v2\/pages"}],"about":[{"href":"https:\/\/www.metta-yoga-larissa.ch\/index.php?rest_route=\/wp\/v2\/types\/page"}],"author":[{"embeddable":true,"href":"https:\/\/www.metta-yoga-larissa.ch\/index.php?rest_route=\/wp\/v2\/users\/1"}],"replies":[{"embeddable":true,"href":"https:\/\/www.metta-yoga-larissa.ch\/index.php?rest_route=%2Fwp%2Fv2%2Fcomments&post=2203"}],"version-history":[{"count":89,"href":"https:\/\/www.metta-yoga-larissa.ch\/index.php?rest_route=\/wp\/v2\/pages\/2203\/revisions"}],"predecessor-version":[{"id":3793,"href":"https:\/\/www.metta-yoga-larissa.ch\/index.php?rest_route=\/wp\/v2\/pages\/2203\/revisions\/3793"}],"wp:attachment":[{"href":"https:\/\/www.metta-yoga-larissa.ch\/index.php?rest_route=%2Fwp%2Fv2%2Fmedia&parent=2203"}],"curies":[{"name":"wp","href":"https:\/\/api.w.org\/{rel}","templated":true}]}}