{"id":2225,"date":"2021-03-12T13:41:16","date_gmt":"2021-03-12T12:41:16","guid":{"rendered":"https:\/\/www.metta-yoga-larissa.ch\/?page_id=2225"},"modified":"2023-08-15T10:05:28","modified_gmt":"2023-08-15T08:05:28","slug":"tarifs","status":"publish","type":"page","link":"https:\/\/www.metta-yoga-larissa.ch\/?page_id=2225","title":{"rendered":"Tarifs"},"content":{"rendered":"<h1>Au Studio<\/h1>\n<h2>Tarifs par personne<br \/>et par s\u00e9ance<\/h2>\n<hr>\n<h2>Cours priv\u00e9<\/h2>\n<hr>\n<ul>\n<li>\n<h3>1 s\u00e9ance<\/h3>\n<p>CHF 120.-<\/p>\n<div>\n<p style=\"text-align: right;\">(CHF 10.- pour rajout d&rsquo;une personne)<\/p>\n<\/div>\n<\/li>\n<li>\n<h3>Pack 5 s\u00e9ances<\/h3>\n<p>CHF 575.-<\/p>\n<\/li>\n<\/ul>\n<h2>Cours en groupe<\/h2>\n<hr>\n<ul>\n<li>\n<h3>1 s\u00e9ance<\/h3>\n<p>CHF 40.-<\/p>\n<\/li>\n<li>\n<h3>Pack 5 s\u00e9ances<\/h3>\n<p>CHF 190.-<\/p>\n<\/li>\n<\/ul>\n<hr>\n<div>\n<p>Annulations minimum 24h en avance afin de ne pas \u00eatre factur\u00e9. Les packs ont une validit\u00e9 de 3 mois. Les cours collectifs ont lieu avec un minimum de 2 personnes inscrites. Les prix affich\u00e9s sont TTC.<\/p>\n<\/div>\n<h1>\u00c0 Domicile<\/h1>\n<h2>Tarifs par personne<br \/>et par s\u00e9ance<\/h2>\n<hr>\n<h2>Cours priv\u00e9<\/h2>\n<hr>\n<ul>\n<li>\n<h3>1 s\u00e9ance<\/h3>\n<p>CHF 140.-<\/p>\n<\/li>\n<li>\n<h3>Pack 5 s\u00e9ances<\/h3>\n<p>CHF 670.-<\/p>\n<\/li>\n<\/ul>\n<h2>Cours en groupe<\/h2>\n<hr>\n<div>\n<p>3 personnes ou plus sur devis<\/p>\n<\/div>\n<hr>\n<div>\n<p>Annulations minimum 24h en avance afin de ne pas \u00eatre factur\u00e9. Les packs ont une validit\u00e9 de 3 mois. Les cours collectifs ont lieu avec un minimum de 2 personnes inscrites. Les prix affich\u00e9s sont TTC.<\/p>\n<\/div>\n<h1>En Ligne<\/h1>\n<ul>\n<li>\n<h3>Cours priv\u00e9<\/h3>\n<p>CHF 70.-<\/p>\n<\/li>\n<li>\n<h3>Cours en groupe<\/h3>\n<p>CHF 20.-<\/p>\n<\/li>\n<\/ul>\n<hr>\n<div>\n<p>Annulations minimum 24h en avance afin de ne pas \u00eatre factur\u00e9. Les cours collectifs ont lieu avec un minimum de 2 personnes inscrites. Les prix affich\u00e9s sont TTC.<\/p>\n<\/div>\n<p><!-- {\"name\":\"Lunch\",\"type\":\"layout\",\"children\":[{\"name\":\"Menu\",\"type\":\"section\",\"props\":{\"width\":\"large\",\"padding\":\"large\",\"style\":\"default\",\"padding_remove_top\":false,\"image_size\":\"cover\",\"image_position\":\"center-center\",\"image\":\"wp-content\\\/uploads\\\/metta-ybl-price-nature.jpg\",\"image_fixed\":true,\"animation\":\"fade\",\"vertical_align\":\"middle\",\"title_position\":\"top-left\",\"title_rotation\":\"left\",\"title_breakpoint\":\"xl\",\"image_width\":\"1920\",\"image_effect\":\"fixed\",\"header_transparent\":\"light\",\"header_transparent_noplaceholder\":true},\"children\":[{\"name\":\"\",\"type\":\"row\",\"children\":[{\"name\":\"\",\"type\":\"column\",\"props\":{\"image_position\":\"center-center\",\"style\":\"default\",\"width_medium\":\"1-2\",\"media_overlay_gradient\":\"\"},\"children\":[{\"name\":\"\",\"type\":\"headline\",\"props\":{\"title_element\":\"h1\",\"content\":\"Au Studio\",\"text_align\":\"center\",\"title_style\":\"heading-xlarge\",\"margin\":\"default\",\"margin_remove_bottom\":false,\"margin_remove_top\":true}},{\"name\":\"\",\"type\":\"headline\",\"props\":{\"title_element\":\"h2\",\"content\":\"Tarifs par personne<br \\\/>et par s\\u00e9ance\",\"title_style\":\"h3\",\"text_align\":\"center\",\"margin_remove_top\":false,\"margin\":\"small\",\"margin_remove_bottom\":false}},{\"name\":\"\",\"type\":\"divider\",\"props\":{\"divider_element\":\"hr\",\"divider_style\":\"small\",\"divider_align\":\"center\"}},{\"name\":\"\",\"type\":\"headline\",\"props\":{\"title_element\":\"h2\",\"content\":\"Cours priv\\u00e9\",\"title_style\":\"h3\",\"text_align\":\"center\",\"margin_remove_top\":false,\"margin\":\"small\",\"margin_remove_bottom\":false}},{\"name\":\"\",\"type\":\"divider\",\"props\":{\"divider_element\":\"hr\",\"divider_style\":\"small\",\"divider_align\":\"center\"}},{\"name\":\"\",\"type\":\"description_list\",\"props\":{\"show_link\":true,\"layout\":\"grid-2-m\",\"maxwidth\":\"xlarge\",\"margin\":\"default\",\"list_size\":\"\",\"show_title\":true,\"show_meta\":true,\"show_content\":true,\"meta_style\":\"\",\"meta_align\":\"bottom\",\"meta_color\":\"primary\",\"block_align\":\"center\",\"title_grid_column_gap\":\"small\",\"title_grid_row_gap\":\"small\",\"title_grid_width\":\"expand\",\"title_leader\":true,\"list_element\":\"ul\",\"column_breakpoint\":\"m\",\"title_element\":\"div\"},\"children\":[{\"name\":\"\",\"type\":\"description_list_item\",\"props\":{\"title\":\"1 s\\u00e9ance\",\"content\":\"\n\n<p style=\\\"text-align: right;\\\">(CHF 10.- pour rajout d'une personne)<\\\/p>\",\"meta\":\"CHF 120.-\"}},{\"name\":\"\",\"type\":\"description_list_item\",\"props\":{\"title\":\"Pack 5 s\\u00e9ances\",\"content\":\"\",\"meta\":\"CHF 575.-\"}}]},{\"name\":\"\",\"type\":\"headline\",\"props\":{\"title_element\":\"h2\",\"content\":\"Cours en groupe\",\"title_style\":\"h3\",\"text_align\":\"center\",\"margin_remove_top\":false,\"margin\":\"small\"}},{\"name\":\"\",\"type\":\"divider\",\"props\":{\"divider_element\":\"hr\",\"divider_style\":\"small\",\"divider_align\":\"center\"}},{\"name\":\"\",\"type\":\"description_list\",\"props\":{\"show_link\":true,\"layout\":\"grid-2-m\",\"maxwidth\":\"xlarge\",\"margin\":\"default\",\"list_size\":\"\",\"show_title\":true,\"show_meta\":true,\"show_content\":true,\"meta_style\":\"\",\"meta_align\":\"bottom\",\"meta_color\":\"primary\",\"block_align\":\"center\",\"title_grid_column_gap\":\"small\",\"title_grid_row_gap\":\"small\",\"title_grid_width\":\"expand\",\"title_leader\":true,\"list_element\":\"ul\",\"column_breakpoint\":\"m\",\"title_element\":\"div\"},\"children\":[{\"name\":\"\",\"type\":\"description_list_item\",\"props\":{\"title\":\"1 s\\u00e9ance\",\"content\":\"\",\"meta\":\"CHF 40.-\"}},{\"name\":\"\",\"type\":\"description_list_item\",\"props\":{\"title\":\"Pack 5 s\\u00e9ances\",\"content\":\"\",\"meta\":\"CHF 190.-\"}}]},{\"name\":\"\",\"type\":\"divider\",\"props\":{\"divider_element\":\"hr\",\"divider_style\":\"small\",\"divider_align\":\"center\"}},{\"type\":\"text\",\"props\":{\"margin\":\"default\",\"column_breakpoint\":\"m\",\"content\":\"\n\n<p>Annulations minimum 24h en avance afin de ne pas \\u00eatre factur\\u00e9. Les packs ont une validit\\u00e9 de 3 mois. Les cours collectifs ont lieu avec un minimum de 2 personnes inscrites. Les prix affich\\u00e9s sont TTC.<\\\/p>\",\"text_align\":\"left\",\"maxwidth\":\"xlarge\",\"block_align\":\"center\",\"text_color\":\"emphasis\"}}]},{\"type\":\"column\",\"props\":{\"image_position\":\"center-center\",\"media_overlay_gradient\":\"\",\"width_medium\":\"1-2\",\"style\":\"default\"},\"children\":[{\"name\":\"\",\"type\":\"headline\",\"props\":{\"title_element\":\"h1\",\"content\":\"\\u00c0 Domicile\",\"text_align\":\"center\",\"title_style\":\"heading-xlarge\",\"margin\":\"default\",\"margin_remove_bottom\":false,\"margin_remove_top\":true}},{\"name\":\"\",\"type\":\"headline\",\"props\":{\"title_element\":\"h2\",\"content\":\"Tarifs par personne<br \\\/>et par s\\u00e9ance\",\"title_style\":\"h3\",\"text_align\":\"center\",\"margin_remove_top\":false,\"margin\":\"small\",\"margin_remove_bottom\":false}},{\"name\":\"\",\"type\":\"divider\",\"props\":{\"divider_element\":\"hr\",\"divider_style\":\"small\",\"divider_align\":\"center\"}},{\"name\":\"\",\"type\":\"headline\",\"props\":{\"title_element\":\"h2\",\"content\":\"Cours priv\\u00e9\",\"title_style\":\"h3\",\"text_align\":\"center\",\"margin_remove_top\":false,\"margin\":\"small\",\"margin_remove_bottom\":false}},{\"name\":\"\",\"type\":\"divider\",\"props\":{\"divider_element\":\"hr\",\"divider_style\":\"small\",\"divider_align\":\"center\"}},{\"name\":\"\",\"type\":\"description_list\",\"props\":{\"show_link\":true,\"layout\":\"grid-2-m\",\"maxwidth\":\"xlarge\",\"margin\":\"default\",\"list_size\":\"\",\"show_title\":true,\"show_meta\":true,\"show_content\":true,\"meta_style\":\"\",\"meta_align\":\"bottom\",\"meta_color\":\"primary\",\"block_align\":\"center\",\"title_grid_column_gap\":\"small\",\"title_grid_row_gap\":\"small\",\"title_grid_width\":\"expand\",\"title_leader\":true,\"list_element\":\"ul\",\"column_breakpoint\":\"m\",\"title_element\":\"div\"},\"children\":[{\"name\":\"\",\"type\":\"description_list_item\",\"props\":{\"title\":\"1 s\\u00e9ance\",\"content\":\"\",\"meta\":\"CHF 140.-\"}},{\"name\":\"\",\"type\":\"description_list_item\",\"props\":{\"title\":\"Pack 5 s\\u00e9ances\",\"content\":\"\",\"meta\":\"CHF 670.-\"}}]},{\"name\":\"\",\"type\":\"headline\",\"props\":{\"title_element\":\"h2\",\"content\":\"Cours en groupe\",\"title_style\":\"h3\",\"text_align\":\"center\",\"margin_remove_top\":false,\"margin\":\"small\"}},{\"name\":\"\",\"type\":\"divider\",\"props\":{\"divider_element\":\"hr\",\"divider_style\":\"small\",\"divider_align\":\"center\"}},{\"type\":\"text\",\"props\":{\"margin\":\"default\",\"column_breakpoint\":\"m\",\"content\":\"\n\n<p>3 personnes ou plus sur devis<\\\/p>\",\"text_align\":\"left\",\"maxwidth\":\"xlarge\",\"block_align\":\"center\"}},{\"name\":\"\",\"type\":\"divider\",\"props\":{\"divider_element\":\"hr\",\"divider_style\":\"small\",\"divider_align\":\"center\"}},{\"type\":\"text\",\"props\":{\"margin\":\"default\",\"column_breakpoint\":\"m\",\"content\":\"\n\n<p>Annulations minimum 24h en avance afin de ne pas \\u00eatre factur\\u00e9. Les packs ont une validit\\u00e9 de 3 mois. Les cours collectifs ont lieu avec un minimum de 2 personnes inscrites. Les prix affich\\u00e9s sont TTC.<\\\/p>\",\"text_align\":\"left\",\"maxwidth\":\"xlarge\",\"block_align\":\"center\",\"text_color\":\"emphasis\"}}]}],\"props\":{\"layout\":\"1-2,1-2\",\"margin_remove_top\":true}},{\"type\":\"row\",\"children\":[{\"type\":\"column\",\"props\":{\"image_position\":\"center-center\",\"media_overlay_gradient\":\"\",\"style\":\"default\",\"width_medium\":\"1-2\"},\"children\":[{\"name\":\"\",\"type\":\"headline\",\"props\":{\"title_element\":\"h1\",\"content\":\"En Ligne\",\"text_align\":\"center\",\"title_style\":\"heading-xlarge\",\"margin\":\"default\",\"margin_remove_bottom\":false,\"margin_remove_top\":true}},{\"name\":\"\",\"type\":\"description_list\",\"props\":{\"show_link\":true,\"layout\":\"grid-2-m\",\"maxwidth\":\"xlarge\",\"margin\":\"default\",\"list_size\":\"\",\"show_title\":true,\"show_meta\":true,\"show_content\":true,\"meta_style\":\"\",\"meta_align\":\"bottom\",\"meta_color\":\"primary\",\"block_align\":\"center\",\"title_grid_column_gap\":\"small\",\"title_grid_row_gap\":\"small\",\"title_grid_width\":\"expand\",\"title_leader\":true,\"list_element\":\"ul\",\"column_breakpoint\":\"m\",\"title_element\":\"div\",\"title_style\":\"h3\"},\"children\":[{\"name\":\"\",\"type\":\"description_list_item\",\"props\":{\"title\":\"Cours priv\\u00e9\",\"content\":\"\",\"meta\":\"CHF 70.-\"}},{\"name\":\"\",\"type\":\"description_list_item\",\"props\":{\"title\":\"Cours en groupe\",\"content\":\"\",\"meta\":\"CHF 20.-\"}}]},{\"name\":\"\",\"type\":\"divider\",\"props\":{\"divider_element\":\"hr\",\"divider_style\":\"small\",\"divider_align\":\"center\"}},{\"type\":\"text\",\"props\":{\"margin\":\"default\",\"column_breakpoint\":\"m\",\"content\":\"\n\n<p>Annulations minimum 24h en avance afin de ne pas \\u00eatre factur\\u00e9. Les cours collectifs ont lieu avec un minimum de 2 personnes inscrites. Les prix affich\\u00e9s sont TTC.<\\\/p>\",\"text_align\":\"left\",\"maxwidth\":\"xlarge\",\"block_align\":\"center\",\"text_color\":\"emphasis\"}}]},{\"type\":\"column\",\"props\":{\"image_position\":\"center-center\",\"media_overlay_gradient\":\"\",\"width_medium\":\"1-2\"},\"children\":[]}],\"props\":{\"layout\":\"1-2,1-2\"}}]}],\"version\":\"2.1.2\"} --><\/p>\n","protected":false},"excerpt":{"rendered":"<p>Au Studio Tarifs par personneet par s\u00e9ance Cours priv\u00e9 1 s\u00e9ance CHF 120.- (CHF 10.- pour rajout d&rsquo;une personne) Pack 5 s\u00e9ances CHF 575.- Cours en groupe 1 s\u00e9ance CHF 40.- Pack 5 s\u00e9ances CHF 190.- Annulations minimum 24h en avance afin de ne pas \u00eatre factur\u00e9. Les packs ont une validit\u00e9 de 3 mois. [&hellip;]<\/p>\n","protected":false},"author":1,"featured_media":0,"parent":0,"menu_order":0,"comment_status":"closed","ping_status":"closed","template":"","meta":{"spay_email":""},"_links":{"self":[{"href":"https:\/\/www.metta-yoga-larissa.ch\/index.php?rest_route=\/wp\/v2\/pages\/2225"}],"collection":[{"href":"https:\/\/www.metta-yoga-larissa.ch\/index.php?rest_route=\/wp\/v2\/pages"}],"about":[{"href":"https:\/\/www.metta-yoga-larissa.ch\/index.php?rest_route=\/wp\/v2\/types\/page"}],"author":[{"embeddable":true,"href":"https:\/\/www.metta-yoga-larissa.ch\/index.php?rest_route=\/wp\/v2\/users\/1"}],"replies":[{"embeddable":true,"href":"https:\/\/www.metta-yoga-larissa.ch\/index.php?rest_route=%2Fwp%2Fv2%2Fcomments&post=2225"}],"version-history":[{"count":47,"href":"https:\/\/www.metta-yoga-larissa.ch\/index.php?rest_route=\/wp\/v2\/pages\/2225\/revisions"}],"predecessor-version":[{"id":3129,"href":"https:\/\/www.metta-yoga-larissa.ch\/index.php?rest_route=\/wp\/v2\/pages\/2225\/revisions\/3129"}],"wp:attachment":[{"href":"https:\/\/www.metta-yoga-larissa.ch\/index.php?rest_route=%2Fwp%2Fv2%2Fmedia&parent=2225"}],"curies":[{"name":"wp","href":"https:\/\/api.w.org\/{rel}","templated":true}]}}