{"id":2380,"date":"2021-03-20T18:42:57","date_gmt":"2021-03-20T17:42:57","guid":{"rendered":"https:\/\/www.metta-yoga-larissa.ch\/?page_id=2380"},"modified":"2023-08-15T10:02:26","modified_gmt":"2023-08-15T08:02:26","slug":"cours-a-domicile-2","status":"publish","type":"page","link":"https:\/\/www.metta-yoga-larissa.ch\/?page_id=2380","title":{"rendered":"Cours \u00e0 domicile OK"},"content":{"rendered":"<div>\n<p>    <img src=\"\/wp-content\/uploads\/_metta-header-cours.jpg\" alt=\"\"><\/p>\n<div>\n<h1 class=\"uk-heading-medium uk-margin-remove-top uk-text-center\" data-id=\"page#1-0-0-0\">Je propose des cours <a class=\"uk-link-heading uk-text-primary\" href=\"#beginners\">Priv\u00e9s<\/a> ou\u00a0<a class=\"uk-link-heading uk-text-primary\" href=\"#advanced\">en Groupe<\/a>\u00a0<\/h1>\n<\/div>\n<\/div>\n<h4>Cours priv\u00e9s\u00a0\u00e0 domicile<\/h4>\n<table>\n<tbody>\n<tr>\n<td>\n        <img src=\"\/wp-content\/uploads\/lessons-table-01.svg\" alt=\"\">\n    <\/td>\n<td>60 min.<\/td>\n<\/tr>\n<tr>\n<td>\n        <img src=\"\/wp-content\/uploads\/lessons-table-02.svg\" alt=\"\">\n    <\/td>\n<td>1 \u00e0 2 personnes<\/td>\n<\/tr>\n<tr>\n<td>\n        <img src=\"\/wp-content\/uploads\/lessons-table-03n.svg\" alt=\"\">\n    <\/td>\n<td>15 ans +<\/td>\n<\/tr>\n<\/tbody>\n<\/table>\n<ul>\n<li>\n<h3>140<span class=\"uk-text-top uk-text-small\">CHF<\/span><\/h3>\n<p>1<br \/>s\u00e9ance<\/p>\n<div>\n<p>\/ Pers.<\/p>\n<\/div>\n<\/li>\n<li>\n<h3>670<span class=\"uk-text-top uk-text-small\">CHF<\/span><\/h3>\n<p>Pack 5 s\u00e9ances<\/p>\n<div>\n<p>\/ Pers.<\/p>\n<\/div>\n<\/li>\n<\/ul>\n<div>\n<p>Annulations minimum 24h en avance afin de ne pas \u00eatre factur\u00e9. Les packs ont une validit\u00e9 de 3 mois. Les prix affich\u00e9s sont TTC.<\/p>\n<\/div>\n<p>\n    <a href=\"\/index.php?page_id=20\">R\u00e9server<\/a>\n<\/p>\n<h4>Cours en groupe \u00e0 domicile<\/h4>\n<table>\n<tbody>\n<tr>\n<td>\n        <img src=\"\/wp-content\/uploads\/lessons-table-01.svg\" alt=\"\">\n    <\/td>\n<td>60 min.<\/td>\n<\/tr>\n<tr>\n<td>\n        <img src=\"\/wp-content\/uploads\/lessons-table-02.svg\" alt=\"\">\n    <\/td>\n<td>3 personnes ou +<\/td>\n<\/tr>\n<tr>\n<td>\n        <img src=\"\/wp-content\/uploads\/lessons-table-03n.svg\" alt=\"\">\n    <\/td>\n<td>15 ans +<\/td>\n<\/tr>\n<tr>\n<td>\n    <\/td>\n<td> 3 personnes ou plus sur devis<\/td>\n<\/tr>\n<\/tbody>\n<\/table>\n<div>\n<p>Annulations minimum 24h en avance afin de ne pas \u00eatre factur\u00e9. Les cours collectifs ont lieu avec un minimum de 3 personnes inscrites. Les prix affich\u00e9s sont TTC.<\/p>\n<\/div>\n<p>\n    <a href=\"\/index.php?page_id=20\">R\u00e9server<\/a>\n<\/p>\n<hr>\n<p><img src=\"\/wp-content\/uploads\/metta-yoga-by-larissa-symbol-nature.png\" alt=\"\"><\/p>\n<div>\n<p>\u00a9 2023 METTA &#8211; YOGA BY LARISSA<br \/>TOUS DROITS R\u00c9SERV\u00c9S<\/div>\n<ul>\n<li><a href=\"http:\/\/www.facebook.com\">facebook<\/a><\/li>\n<li><a href=\"http:\/\/www.instagram.com\">instagram<\/a><\/li>\n<li><a href=\"http:\/\/www.tripadvisor.com\">tripadvisor<\/a><\/li>\n<\/ul>\n<p><!-- {\"name\":\"cours  \\u00e0 domi\",\"type\":\"layout\",\"children\":[{\"type\":\"section\",\"props\":{\"style\":\"primary\",\"width\":\"\",\"vertical_align\":\"\",\"title_position\":\"center-right\",\"title_rotation\":\"left\",\"title_breakpoint\":\"xl\",\"image_position\":\"bottom-right\",\"text_color\":\"light\",\"header_transparent\":\"light\",\"image\":\"\",\"header_transparent_noplaceholder\":true,\"title\":\"\",\"image_size\":\"contain\",\"padding_remove_bottom\":false,\"image_parallax_bgy_end\":\"0\",\"padding_remove_top\":false,\"overlap\":false,\"padding\":\"none\",\"preserve_color\":false},\"children\":[{\"type\":\"row\",\"children\":[{\"type\":\"column\",\"props\":{\"image_position\":\"center-center\",\"media_overlay_gradient\":\"\",\"width_medium\":\"1-1\"},\"children\":[{\"type\":\"slideshow\",\"props\":{\"show_title\":true,\"show_meta\":true,\"show_content\":true,\"show_link\":true,\"show_thumbnail\":true,\"slideshow_min_height\":\"200\",\"slideshow_autoplay_pause\":true,\"nav\":\"dotnav\",\"nav_position\":\"bottom-center\",\"nav_position_margin\":\"medium\",\"nav_align\":\"center\",\"nav_breakpoint\":\"s\",\"thumbnav_width\":\"100\",\"thumbnav_height\":\"75\",\"thumbnav_svg_color\":\"emphasis\",\"slidenav\":\"default\",\"slidenav_margin\":\"medium\",\"slidenav_breakpoint\":\"s\",\"slidenav_outside_breakpoint\":\"xl\",\"overlay_position\":\"center\",\"overlay_animation\":\"parallax\",\"title_element\":\"h3\",\"meta_style\":\"meta\",\"meta_align\":\"below-title\",\"link_text\":\"Read more\",\"link_style\":\"default\",\"margin\":\"default\",\"text_align\":\"center\"},\"children\":[{\"type\":\"slideshow_item\",\"props\":{\"image\":\"wp-content\\\/uploads\\\/_metta-header-cours.jpg\",\"content\":\"\n\n<h1 class=\\\"uk-heading-medium uk-margin-remove-top uk-text-center\\\" data-id=\\\"page#1-0-0-0\\\">Je propose des cours <a class=\\\"uk-link-heading uk-text-primary\\\" href=\\\"#beginners\\\">Priv\\u00e9s<\\\/a> ou\\u00a0<a class=\\\"uk-link-heading uk-text-primary\\\" href=\\\"#advanced\\\">en Groupe<\\\/a>\\u00a0<\\\/h1>\",\"meta\":\"\"}}]}]}]}],\"name\":\"Hero\"},{\"type\":\"section\",\"props\":{\"style\":\"default\",\"width\":\"\",\"vertical_align\":\"\",\"title_position\":\"top-left\",\"title_rotation\":\"left\",\"title_breakpoint\":\"xl\",\"image_position\":\"center-center\",\"width_expand\":\"left\",\"height\":\"full\",\"padding\":\"large\",\"padding_remove_top\":true,\"padding_remove_bottom\":false,\"animation\":\"slide-left-small\",\"animation_delay\":true},\"children\":[{\"type\":\"row\",\"props\":{\"layout\":\"1-2,1-2\",\"width_expand\":\"left\",\"height\":\"full\",\"match\":false,\"class\":\"\",\"id\":\"beginners\",\"column_gap\":\"collapse\",\"row_gap\":\"collapse\"},\"children\":[{\"type\":\"column\",\"props\":{\"image_position\":\"center-center\",\"media_overlay_gradient\":\"\",\"image\":\"wp-content\\\/uploads\\\/metta-ybl-cours-2-personnes.jpg\",\"image_size\":\"contain\",\"image_width\":\"1280\",\"css\":\".el-column { min-height: 350px; }\",\"width_medium\":\"1-2\",\"image_parallax_bgy_start\":\"0\",\"image_parallax_bgy_end\":\"200\",\"image_parallax_easing\":\"1\",\"width_small\":\"2-3\"},\"children\":[]},{\"type\":\"column\",\"props\":{\"image_position\":\"center-center\",\"media_overlay_gradient\":\"\",\"vertical_align\":\"middle\",\"style\":\"default\",\"width_medium\":\"1-2\"},\"children\":[{\"type\":\"headline\",\"props\":{\"title_element\":\"h4\",\"margin\":\"medium\",\"maxwidth\":\"large\",\"block_align\":\"center\",\"animation\":\"none\",\"content\":\"Cours priv\\u00e9s\\u00a0\\u00e0 domicile\",\"title_style\":\"h4\"}},{\"type\":\"table\",\"props\":{\"show_title\":true,\"show_meta\":true,\"show_content\":true,\"show_image\":true,\"show_link\":true,\"table_order\":\"2\",\"table_responsive\":\"overflow\",\"table_width_title\":\"shrink\",\"table_width_meta\":\"shrink\",\"meta_style\":\"\",\"image_svg_color\":\"emphasis\",\"link_text\":\"Read more\",\"link_style\":\"default\",\"table_style\":\"\",\"table_size\":\"\",\"table_last_align\":\"\",\"table_width_content\":\"\",\"title_style\":\"h6\",\"maxwidth\":\"large\",\"block_align\":\"center\",\"table_hover\":false,\"table_justify\":false,\"table_vertical_align\":false,\"image_svg_inline\":true},\"children\":[{\"type\":\"table_item\",\"props\":{\"image\":\"wp-content\\\/uploads\\\/lessons-table-01.svg\",\"title\":\"\",\"content\":\"\",\"meta\":\"60 min.\"}},{\"type\":\"table_item\",\"props\":{\"image\":\"wp-content\\\/uploads\\\/lessons-table-02.svg\",\"title\":\"\",\"content\":\"\",\"meta\":\"1 \\u00e0 2 personnes\"}},{\"type\":\"table_item\",\"props\":{\"image\":\"wp-content\\\/uploads\\\/lessons-table-03n.svg\",\"title\":\"\",\"content\":\"\",\"meta\":\"15 ans +\"}}]},{\"type\":\"grid\",\"props\":{\"show_title\":true,\"show_meta\":true,\"show_content\":true,\"show_image\":true,\"show_link\":true,\"grid_default\":\"1\",\"grid_medium\":\"\",\"filter_style\":\"tab\",\"filter_all\":true,\"filter_position\":\"top\",\"filter_align\":\"left\",\"filter_grid_width\":\"auto\",\"title_hover_style\":\"reset\",\"title_element\":\"h3\",\"title_align\":\"top\",\"title_grid_width\":\"1-2\",\"meta_style\":\"h6\",\"meta_align\":\"above-title\",\"image_align\":\"top\",\"image_grid_width\":\"1-2\",\"image_svg_color\":\"emphasis\",\"link_text\":\"Read more\",\"link_style\":\"default\",\"margin\":\"large\",\"item_animation\":\"\",\"grid_small\":\"4\",\"title_style\":\"h4\",\"title_margin\":\"small\",\"content_margin\":\"small\",\"maxwidth\":\"large\",\"block_align\":\"center\",\"text_align\":\"center\",\"grid_divider\":true,\"filter_grid_breakpoint\":\"m\",\"title_grid_breakpoint\":\"m\",\"image_grid_breakpoint\":\"m\",\"icon_width\":80,\"content_column_breakpoint\":\"m\"},\"children\":[{\"type\":\"grid_item\",\"props\":{\"title\":\"140<span class=\\\"uk-text-top uk-text-small\\\">CHF<\\\/span>\",\"meta\":\"1<br\\\/>s\\u00e9ance\",\"content\":\"\n\n<p>\\\/ Pers.<\\\/p>\"}},{\"type\":\"grid_item\",\"props\":{\"title\":\"670<span class=\\\"uk-text-top uk-text-small\\\">CHF<\\\/span>\",\"meta\":\"Pack 5 s\\u00e9ances\",\"content\":\"\n\n<p>\\\/ Pers.<\\\/p>\"}}]},{\"type\":\"text\",\"props\":{\"margin\":\"default\",\"column_breakpoint\":\"m\",\"content\":\"\n\n<p>Annulations minimum 24h en avance afin de ne pas \\u00eatre factur\\u00e9. Les packs ont une validit\\u00e9 de 3 mois. Les prix affich\\u00e9s sont TTC.<\\\/p>\",\"text_align\":\"left\",\"maxwidth\":\"large\",\"block_align\":\"center\",\"text_color\":\"emphasis\"},\"name\":\"___0\"},{\"type\":\"button\",\"props\":{\"grid_column_gap\":\"small\",\"grid_row_gap\":\"small\",\"margin\":\"large\",\"maxwidth\":\"large\",\"block_align\":\"center\",\"block_align_breakpoint\":\"s\",\"block_align_fallback\":\"center\",\"text_align\":\"left\",\"text_align_breakpoint\":\"s\",\"text_align_fallback\":\"center\"},\"children\":[{\"type\":\"button_item\",\"props\":{\"button_style\":\"default\",\"icon_align\":\"left\",\"content\":\"R\\u00e9server\",\"link\":\"index.php?page_id=20\"}}]}]}]},{\"type\":\"row\",\"props\":{\"layout\":\"1-2,1-2\",\"width_expand\":\"left\",\"height\":\"full\",\"margin\":\"remove-vertical\",\"match\":false,\"id\":\"advanced\",\"column_gap\":\"collapse\",\"row_gap\":\"collapse\"},\"children\":[{\"type\":\"column\",\"props\":{\"image_position\":\"center-center\",\"media_overlay_gradient\":\"\",\"image\":\"wp-content\\\/uploads\\\/_test_cadrage1.jpg\",\"image_size\":\"contain\",\"image_width\":\"1280\",\"css\":\".el-column { min-height: 350px; }\",\"width_medium\":\"1-2\",\"image_parallax_bgy_end\":\"0\",\"image_parallax_easing\":\"1\"},\"children\":[]},{\"type\":\"column\",\"props\":{\"image_position\":\"center-center\",\"media_overlay_gradient\":\"\",\"vertical_align\":\"middle\",\"style\":\"default\",\"padding\":\"large\",\"width_medium\":\"1-2\",\"order_first\":\"m\"},\"children\":[{\"type\":\"headline\",\"props\":{\"title_element\":\"h4\",\"margin\":\"medium\",\"maxwidth\":\"large\",\"block_align\":\"center\",\"animation\":\"none\",\"content\":\"Cours en groupe \\u00e0 domicile\",\"title_style\":\"h4\"}},{\"type\":\"table\",\"props\":{\"show_title\":true,\"show_meta\":true,\"show_content\":true,\"show_image\":true,\"show_link\":true,\"table_order\":\"2\",\"table_responsive\":\"overflow\",\"table_width_title\":\"shrink\",\"table_width_meta\":\"shrink\",\"meta_style\":\"\",\"image_svg_color\":\"emphasis\",\"link_text\":\"Read more\",\"link_style\":\"default\",\"table_style\":\"\",\"table_size\":\"\",\"table_last_align\":\"\",\"table_width_content\":\"\",\"title_style\":\"h6\",\"maxwidth\":\"large\",\"block_align\":\"center\",\"table_hover\":false,\"table_justify\":false,\"table_vertical_align\":false,\"image_svg_inline\":true},\"children\":[{\"type\":\"table_item\",\"props\":{\"image\":\"wp-content\\\/uploads\\\/lessons-table-01.svg\",\"title\":\"\",\"content\":\"\",\"meta\":\"60 min.\"}},{\"type\":\"table_item\",\"props\":{\"image\":\"wp-content\\\/uploads\\\/lessons-table-02.svg\",\"title\":\"\",\"content\":\"\",\"meta\":\"3 personnes ou +\"}},{\"type\":\"table_item\",\"props\":{\"image\":\"wp-content\\\/uploads\\\/lessons-table-03n.svg\",\"title\":\"\",\"content\":\"\",\"meta\":\"15 ans +\"}},{\"type\":\"table_item\",\"props\":{\"image\":\"\",\"title\":\"\",\"content\":\"\",\"meta\":\" 3 personnes ou plus sur devis\"}}]},{\"type\":\"text\",\"props\":{\"margin\":\"default\",\"column_breakpoint\":\"m\",\"content\":\"\n\n<p>Annulations minimum 24h en avance afin de ne pas \\u00eatre factur\\u00e9. Les cours collectifs ont lieu avec un minimum de 3 personnes inscrites. Les prix affich\\u00e9s sont TTC.<\\\/p>\",\"text_align\":\"left\",\"maxwidth\":\"large\",\"block_align\":\"center\",\"text_color\":\"emphasis\"},\"name\":\"___0\"},{\"type\":\"button\",\"props\":{\"grid_column_gap\":\"small\",\"grid_row_gap\":\"small\",\"margin\":\"large\",\"maxwidth\":\"large\",\"block_align\":\"center\",\"block_align_breakpoint\":\"s\",\"block_align_fallback\":\"center\",\"text_align\":\"left\",\"text_align_breakpoint\":\"s\",\"text_align_fallback\":\"center\"},\"children\":[{\"type\":\"button_item\",\"props\":{\"button_style\":\"default\",\"icon_align\":\"left\",\"content\":\"R\\u00e9server\",\"link\":\"index.php?page_id=20\"}}]}]}]}],\"name\":\"Lessons\"},{\"type\":\"section\",\"props\":{\"style\":\"default\",\"width\":\"large\",\"vertical_align\":\"middle\",\"title_position\":\"top-left\",\"title_rotation\":\"left\",\"title_breakpoint\":\"xl\",\"image_position\":\"center-center\",\"padding\":\"xlarge\",\"padding_remove_top\":true},\"children\":[{\"type\":\"row\",\"props\":{\"margin\":\"medium\"},\"children\":[{\"type\":\"column\",\"props\":{\"image_position\":\"center-center\",\"media_overlay_gradient\":\"\",\"width_medium\":\"1-1\"},\"children\":[{\"type\":\"divider\",\"props\":{\"divider_element\":\"hr\",\"divider_style\":\"\",\"divider_align\":\"\",\"divider_align_breakpoint\":\"\",\"divider_align_fallback\":\"\"}},{\"type\":\"image\",\"props\":{\"margin\":\"medium\",\"image_svg_color\":\"emphasis\",\"text_align\":\"center\",\"image\":\"wp-content\\\/uploads\\\/metta-yoga-by-larissa-symbol-nature.png\",\"image_svg_inline\":true,\"image_width\":\"35\",\"margin_remove_bottom\":true}},{\"type\":\"text\",\"props\":{\"margin\":\"default\",\"column_breakpoint\":\"m\",\"text_size\":\"small\",\"text_align\":\"center\",\"content\":\"\n\n<p>\\u00a9 2023 METTA - YOGA BY LARISSA<br\\\/>TOUS DROITS R\\u00c9SERV\\u00c9S\"}},{\"type\":\"social\",\"props\":{\"link_style\":\"\",\"margin\":\"default\",\"text_align\":\"center\",\"link_target\":true,\"gap\":\"small\",\"link_1\":\"http:\\\/\\\/www.facebook.com\",\"link_2\":\"http:\\\/\\\/www.instagram.com\",\"link_3\":\"http:\\\/\\\/www.tripadvisor.com\"}},{\"type\":\"totop\",\"props\":{\"margin\":\"default\",\"text_align\":\"center\",\"link_title\":\"To Top\"}}]}]}],\"name\":\"Copyright\"}],\"version\":\"2.1.2\"} --><\/p>\n","protected":false},"excerpt":{"rendered":"<p>Je propose des cours Priv\u00e9s ou\u00a0en Groupe\u00a0 Cours priv\u00e9s\u00a0\u00e0 domicile 60 min. 1 \u00e0 2 personnes 15 ans + 140CHF 1s\u00e9ance \/ Pers. 670CHF Pack 5 s\u00e9ances \/ Pers. Annulations minimum 24h en avance afin de ne pas \u00eatre factur\u00e9. Les packs ont une validit\u00e9 de 3 mois. Les prix affich\u00e9s sont TTC. R\u00e9server Cours [&hellip;]<\/p>\n","protected":false},"author":1,"featured_media":0,"parent":0,"menu_order":0,"comment_status":"closed","ping_status":"closed","template":"","meta":{"spay_email":""},"_links":{"self":[{"href":"https:\/\/www.metta-yoga-larissa.ch\/index.php?rest_route=\/wp\/v2\/pages\/2380"}],"collection":[{"href":"https:\/\/www.metta-yoga-larissa.ch\/index.php?rest_route=\/wp\/v2\/pages"}],"about":[{"href":"https:\/\/www.metta-yoga-larissa.ch\/index.php?rest_route=\/wp\/v2\/types\/page"}],"author":[{"embeddable":true,"href":"https:\/\/www.metta-yoga-larissa.ch\/index.php?rest_route=\/wp\/v2\/users\/1"}],"replies":[{"embeddable":true,"href":"https:\/\/www.metta-yoga-larissa.ch\/index.php?rest_route=%2Fwp%2Fv2%2Fcomments&post=2380"}],"version-history":[{"count":35,"href":"https:\/\/www.metta-yoga-larissa.ch\/index.php?rest_route=\/wp\/v2\/pages\/2380\/revisions"}],"predecessor-version":[{"id":3125,"href":"https:\/\/www.metta-yoga-larissa.ch\/index.php?rest_route=\/wp\/v2\/pages\/2380\/revisions\/3125"}],"wp:attachment":[{"href":"https:\/\/www.metta-yoga-larissa.ch\/index.php?rest_route=%2Fwp%2Fv2%2Fmedia&parent=2380"}],"curies":[{"name":"wp","href":"https:\/\/api.w.org\/{rel}","templated":true}]}}